{"id":3,"date":"2025-03-11T14:20:16","date_gmt":"2025-03-11T13:20:16","guid":{"rendered":"https:\/\/eifelpolizei.be\/?page_id=3"},"modified":"2025-11-25T13:56:34","modified_gmt":"2025-11-25T12:56:34","slug":"declaration-de-protection-des-donnees","status":"publish","type":"page","link":"https:\/\/eifelpolizei.be\/fr\/declaration-de-protection-des-donnees\/","title":{"rendered":"D\u00e9claration de confidentialit\u00e9"},"content":{"rendered":"<h2 class=\"wp-block-heading\">Qui sommes-nous ?<\/h2>\r\n\r\n\r\n\r\n<p><strong class=\"privacy-policy-tutorial\">Texte propos\u00e9 : <\/strong>L'adresse de notre site web est la suivante : http:\/\/localhost:8888\/pzeifel.<\/p>\r\n\r\n\r\n\r\n<h2 class=\"wp-block-heading\">Commentaires<\/h2>\r\n\r\n\r\n\r\n<p><strong class=\"privacy-policy-tutorial\">Texte propos\u00e9 : <\/strong>Lorsque les visiteurs \u00e9crivent des commentaires sur le site, nous collectons les donn\u00e9es affich\u00e9es dans le formulaire de commentaire, ainsi que l'adresse IP du visiteur et la cha\u00eene de l'agent utilisateur (qui permet d'identifier le navigateur) afin d'aider \u00e0 la d\u00e9tection des spams.<\/p>\r\n\r\n\r\n\r\n<p>Une cha\u00eene de caract\u00e8res anonymis\u00e9e (\u00e9galement appel\u00e9e hash) peut \u00eatre cr\u00e9\u00e9e \u00e0 partir de ton adresse e-mail et transmise au service Gravatar afin de v\u00e9rifier si tu l'utilises. Tu trouveras la d\u00e9claration de protection des donn\u00e9es du service Gravatar ici : https:\/\/automattic.com\/privacy\/. Une fois que ton commentaire a \u00e9t\u00e9 valid\u00e9, ta photo de profil est visible publiquement dans le contexte de ton commentaire.<\/p>\r\n\r\n\r\n\r\n<h2 class=\"wp-block-heading\">M\u00e9dias<\/h2>\r\n\r\n\r\n\r\n<p><strong class=\"privacy-policy-tutorial\">Texte propos\u00e9 : <\/strong>Si tu es un utilisateur enregistr\u00e9 et que tu t\u00e9l\u00e9charges des photos sur ce site, tu dois \u00e9viter de t\u00e9l\u00e9charger des photos avec une localisation EXIF-GPS. Les visiteurs de ce site pourraient t\u00e9l\u00e9charger des photos stock\u00e9es sur ce site et en extraire les informations de localisation.<\/p>\r\n\r\n\r\n\r\n<h2 class=\"wp-block-heading\">Cookies<\/h2>\r\n\r\n\r\n\r\n<p><strong class=\"privacy-policy-tutorial\">Texte propos\u00e9 : <\/strong>Lorsque tu \u00e9cris un commentaire sur notre site web, cela peut signifier que tu acceptes que ton nom, ton adresse e-mail et ton site web soient enregistr\u00e9s dans des cookies. Il s'agit d'une fonction de confort qui t'\u00e9vite de devoir saisir \u00e0 nouveau toutes ces donn\u00e9es lorsque tu \u00e9cris un autre commentaire. Ces cookies sont conserv\u00e9s pendant un an.<\/p>\r\n\r\n\r\n\r\n<p>Si tu as un compte et que tu te connectes sur ce site, nous placerons un cookie temporaire afin de d\u00e9terminer si ton navigateur accepte les cookies. Ce cookie ne contient aucune donn\u00e9e personnelle et est d\u00e9truit lorsque tu fermes ton navigateur.<\/p>\r\n\r\n\r\n\r\n<p>Lorsque tu t'inscris, nous mettons en place certains cookies afin de m\u00e9moriser tes informations de connexion et tes options d'affichage. Les cookies de connexion expirent apr\u00e8s deux jours et les cookies des options d'affichage apr\u00e8s un an. Si tu s\u00e9lectionnes \u201eRester connect\u00e9\u201c lors de ton inscription, ton inscription sera maintenue pendant deux semaines. Lorsque tu te d\u00e9connectes de ton compte, les cookies de connexion sont supprim\u00e9s.<\/p>\r\n\r\n\r\n\r\n<p>Lorsque tu \u00e9dites ou publies un article, un cookie suppl\u00e9mentaire est enregistr\u00e9 dans ton navigateur. Ce cookie ne contient pas de donn\u00e9es personnelles et renvoie uniquement \u00e0 l'identifiant de l'article que tu viens de modifier. Le cookie expire au bout d'un jour.<\/p>\r\n\r\n\r\n\r\n<h2 class=\"wp-block-heading\">Contenu int\u00e9gr\u00e9 d'autres sites web<\/h2>\r\n\r\n\r\n\r\n<p><strong class=\"privacy-policy-tutorial\">Texte propos\u00e9 : <\/strong>Les contributions sur ce site web peuvent contenir des contenus int\u00e9gr\u00e9s (par exemple des vid\u00e9os, des images, des articles, etc.). Les contenus int\u00e9gr\u00e9s provenant d'autres sites web se comportent exactement comme si le visiteur avait visit\u00e9 l'autre site web.<\/p>\r\n\r\n\r\n\r\n<p>Ces sites peuvent collecter des donn\u00e9es te concernant, utiliser des cookies, int\u00e9grer des services de suivi suppl\u00e9mentaires de tiers et enregistrer ton interaction avec ce contenu int\u00e9gr\u00e9, y compris ton interaction avec le contenu int\u00e9gr\u00e9 si tu as un compte et si tu es connect\u00e9 \u00e0 ce site.<\/p>\r\n\r\n\r\n\r\n<h2 class=\"wp-block-heading\">Avec qui nous partageons tes donn\u00e9es<\/h2>\r\n\r\n\r\n\r\n<p><strong class=\"privacy-policy-tutorial\">Texte propos\u00e9 : <\/strong>Si tu demandes une r\u00e9initialisation de ton mot de passe, ton adresse IP sera incluse dans l'e-mail de r\u00e9initialisation.<\/p>\r\n\r\n\r\n\r\n<h2 class=\"wp-block-heading\">Combien de temps nous conservons tes donn\u00e9es<\/h2>\r\n\r\n\r\n\r\n<p><strong class=\"privacy-policy-tutorial\">Texte propos\u00e9 : <\/strong>Lorsque tu \u00e9cris un commentaire, celui-ci et ses m\u00e9tadonn\u00e9es sont enregistr\u00e9s pour une dur\u00e9e illimit\u00e9e. De cette mani\u00e8re, nous pouvons reconna\u00eetre et valider automatiquement les commentaires de suivi au lieu de les garder dans une file d'attente de mod\u00e9ration.<\/p>\r\n\r\n\r\n\r\n<p>Pour les utilisateurs qui s'inscrivent sur notre site, nous conservons en outre les informations personnelles qu'ils fournissent dans leur profil d'utilisateur. Tous les utilisateurs peuvent \u00e0 tout moment consulter, modifier ou supprimer leurs informations personnelles (le nom d'utilisateur ne peut pas \u00eatre modifi\u00e9). Les administrateurs du site peuvent \u00e9galement consulter et modifier ces informations.<\/p>\r\n\r\n\r\n\r\n<h2 class=\"wp-block-heading\">Quels sont tes droits sur tes donn\u00e9es ?<\/h2>\r\n\r\n\r\n\r\n<p><strong class=\"privacy-policy-tutorial\">Texte propos\u00e9 : <\/strong>Si tu as un compte sur ce site ou si tu as \u00e9crit des commentaires, tu peux nous demander d'exporter tes donn\u00e9es personnelles, y compris toutes les donn\u00e9es que tu nous as fournies. En outre, tu peux demander la suppression de toutes les donn\u00e9es personnelles que nous d\u00e9tenons \u00e0 ton sujet. Cela ne comprend pas les donn\u00e9es que nous devons conserver en raison de n\u00e9cessit\u00e9s administratives, juridiques ou de s\u00e9curit\u00e9.<\/p>\r\n\r\n\r\n\r\n<h2 class=\"wp-block-heading\">O\u00f9 tes donn\u00e9es sont envoy\u00e9es<\/h2>\r\n\r\n\r\n\r\n<p><strong class=\"privacy-policy-tutorial\">Texte propos\u00e9 : <\/strong>Les commentaires des visiteurs pourraient \u00eatre examin\u00e9s par un service automatis\u00e9 de d\u00e9tection des spams.<\/p>\r\n\r\n<p>&nbsp;<\/p>","protected":false},"excerpt":{"rendered":"<p>Qui sommes-nous Proposition de texte : l'adresse de notre site web est : http:\/\/localhost:8888\/pzeifel. Commentaires Suggestion de texte : lorsque les visiteurs \u00e9crivent des commentaires sur le site, nous collectons les donn\u00e9es affich\u00e9es dans le formulaire de commentaire, ainsi que l'adresse IP du visiteur et la cha\u00eene de l'agent utilisateur (ce qui permet d'identifier le navigateur) afin d'aider \u00e0 la d\u00e9tection des spams. Une cha\u00eene de caract\u00e8res anonymis\u00e9e peut \u00eatre cr\u00e9\u00e9e \u00e0 partir de ton adresse e-mail [...].<\/p>","protected":false},"author":2,"featured_media":0,"parent":0,"menu_order":0,"comment_status":"closed","ping_status":"open","template":"","meta":{"_acf_changed":false,"footnotes":""},"class_list":["post-3","page","type-page","status-publish","hentry"],"acf":[],"_links":{"self":[{"href":"https:\/\/eifelpolizei.be\/fr\/wp-json\/wp\/v2\/pages\/3","targetHints":{"allow":["GET"]}}],"collection":[{"href":"https:\/\/eifelpolizei.be\/fr\/wp-json\/wp\/v2\/pages"}],"about":[{"href":"https:\/\/eifelpolizei.be\/fr\/wp-json\/wp\/v2\/types\/page"}],"author":[{"embeddable":true,"href":"https:\/\/eifelpolizei.be\/fr\/wp-json\/wp\/v2\/users\/2"}],"replies":[{"embeddable":true,"href":"https:\/\/eifelpolizei.be\/fr\/wp-json\/wp\/v2\/comments?post=3"}],"version-history":[{"count":10,"href":"https:\/\/eifelpolizei.be\/fr\/wp-json\/wp\/v2\/pages\/3\/revisions"}],"predecessor-version":[{"id":852,"href":"https:\/\/eifelpolizei.be\/fr\/wp-json\/wp\/v2\/pages\/3\/revisions\/852"}],"wp:attachment":[{"href":"https:\/\/eifelpolizei.be\/fr\/wp-json\/wp\/v2\/media?parent=3"}],"curies":[{"name":"wp","href":"https:\/\/api.w.org\/{rel}","templated":true}]}}